{"id":22346,"date":"2026-01-30T10:45:40","date_gmt":"2026-01-30T10:45:40","guid":{"rendered":"https:\/\/adatrustlife.com\/?page_id=22346"},"modified":"2026-02-03T09:06:42","modified_gmt":"2026-02-03T09:06:42","slug":"gorsel-galeri","status":"publish","type":"page","link":"https:\/\/adatrustlife.com\/en\/gorsel-galeri\/","title":{"rendered":"Image Gallery"},"content":{"rendered":"<div data-elementor-type=\"wp-page\" data-elementor-id=\"22346\" class=\"elementor elementor-22346\" data-elementor-post-type=\"page\">\n\t\t\t\t<div class=\"elementor-element elementor-element-2d41cc6 e-flex e-con-boxed e-con e-parent\" data-id=\"2d41cc6\" data-element_type=\"container\" data-settings=\"{&quot;ekit_has_onepagescroll_dot&quot;:&quot;yes&quot;}\">\n\t\t\t\t\t<div class=\"e-con-inner\">\n\t\t<div class=\"elementor-element elementor-element-c678eb3 e-con-full e-flex elementor-invisible e-con e-child\" data-id=\"c678eb3\" data-element_type=\"container\" data-settings=\"{&quot;animation&quot;:&quot;fadeInUp&quot;,&quot;ekit_has_onepagescroll_dot&quot;:&quot;yes&quot;}\">\n\t\t\t\t<div class=\"elementor-element elementor-element-22b4b2f elementor-widget elementor-widget-elementskit-heading\" data-id=\"22b4b2f\" data-element_type=\"widget\" data-settings=\"{&quot;ekit_we_effect_on&quot;:&quot;none&quot;}\" data-widget_type=\"elementskit-heading.default\">\n\t\t\t\t\t<div class=\"ekit-wid-con\" ><div class=\"ekit-heading elementskit-section-title-wraper text_center   ekit_heading_tablet-   ekit_heading_mobile-\"><h2 class=\"ekit-heading--title elementskit-section-title\"><span><span>2025<\/span><\/span> OUR CONSTRUCTION PROCESS<\/h2><div class=\"ekit_heading_separetor_wraper ekit_heading_elementskit-border-star elementskit-bullet\"><div class=\"elementskit-border-star elementskit-bullet\"><\/div><\/div><\/div><\/div>\t\t\t\t<\/div>\n\t\t\t\t<\/div>\n\t\t\t\t<div class=\"elementor-element elementor-element-393a1e2 elementor-widget elementor-widget-gallery\" data-id=\"393a1e2\" data-element_type=\"widget\" data-settings=\"{&quot;gallery_layout&quot;:&quot;grid&quot;,&quot;columns&quot;:4,&quot;columns_tablet&quot;:2,&quot;columns_mobile&quot;:1,&quot;gap&quot;:{&quot;unit&quot;:&quot;px&quot;,&quot;size&quot;:10,&quot;sizes&quot;:[]},&quot;gap_tablet&quot;:{&quot;unit&quot;:&quot;px&quot;,&quot;size&quot;:10,&quot;sizes&quot;:[]},&quot;gap_mobile&quot;:{&quot;unit&quot;:&quot;px&quot;,&quot;size&quot;:10,&quot;sizes&quot;:[]},&quot;link_to&quot;:&quot;file&quot;,&quot;aspect_ratio&quot;:&quot;3:2&quot;,&quot;overlay_background&quot;:&quot;yes&quot;,&quot;content_hover_animation&quot;:&quot;fade-in&quot;,&quot;ekit_we_effect_on&quot;:&quot;none&quot;}\" data-widget_type=\"gallery.default\">\n\t\t\t\t\t\t\t<div class=\"elementor-gallery__container\">\n\t\t\t\t\t\t\t<a class=\"e-gallery-item elementor-gallery-item elementor-animated-content\" href=\"https:\/\/adatrustlife.com\/wp-content\/uploads\/2026\/02\/DJI_20250616134151_0063_D.JPG-scaled.jpeg\" data-elementor-open-lightbox=\"yes\" data-elementor-lightbox-slideshow=\"393a1e2\" data-elementor-lightbox-title=\"default\" data-e-action-hash=\"#elementor-action%3Aaction%3Dlightbox%26settings%3DeyJpZCI6MjI0MzIsInVybCI6Imh0dHBzOlwvXC9hZGF0cnVzdGxpZmUuY29tXC93cC1jb250ZW50XC91cGxvYWRzXC8yMDI2XC8wMlwvREpJXzIwMjUwNjE2MTM0MTUxXzAwNjNfRC5KUEctc2NhbGVkLmpwZWciLCJzbGlkZXNob3ciOiIzOTNhMWUyIn0%3D\">\n\t\t\t\t\t<div class=\"e-gallery-image elementor-gallery-item__image\" data-thumbnail=\"https:\/\/adatrustlife.com\/wp-content\/uploads\/2026\/02\/DJI_20250616134151_0063_D.JPG-scaled.jpeg\" data-width=\"300\" data-height=\"169\" aria-label=\"\" role=\"img\" ><\/div>\n\t\t\t\t\t\t\t\t\t\t\t<div class=\"elementor-gallery-item__overlay\"><\/div>\n\t\t\t\t\t\t\t\t\t\t\t\t\t\t<\/a>\n\t\t\t\t\t\t\t<a class=\"e-gallery-item elementor-gallery-item elementor-animated-content\" href=\"https:\/\/adatrustlife.com\/wp-content\/uploads\/2026\/02\/DJI_20250616134320_0069_D.JPG-scaled.jpeg\" data-elementor-open-lightbox=\"yes\" data-elementor-lightbox-slideshow=\"393a1e2\" data-elementor-lightbox-title=\"default\" data-e-action-hash=\"#elementor-action%3Aaction%3Dlightbox%26settings%3DeyJpZCI6MjI0MzMsInVybCI6Imh0dHBzOlwvXC9hZGF0cnVzdGxpZmUuY29tXC93cC1jb250ZW50XC91cGxvYWRzXC8yMDI2XC8wMlwvREpJXzIwMjUwNjE2MTM0MzIwXzAwNjlfRC5KUEctc2NhbGVkLmpwZWciLCJzbGlkZXNob3ciOiIzOTNhMWUyIn0%3D\">\n\t\t\t\t\t<div class=\"e-gallery-image elementor-gallery-item__image\" data-thumbnail=\"https:\/\/adatrustlife.com\/wp-content\/uploads\/2026\/02\/DJI_20250616134320_0069_D.JPG-scaled.jpeg\" data-width=\"300\" data-height=\"169\" aria-label=\"\" role=\"img\" ><\/div>\n\t\t\t\t\t\t\t\t\t\t\t<div class=\"elementor-gallery-item__overlay\"><\/div>\n\t\t\t\t\t\t\t\t\t\t\t\t\t\t<\/a>\n\t\t\t\t\t\t\t<a class=\"e-gallery-item elementor-gallery-item elementor-animated-content\" href=\"https:\/\/adatrustlife.com\/wp-content\/uploads\/2026\/02\/vlcsnap-2026-02-02-12h11m50s960-scaled.png\" data-elementor-open-lightbox=\"yes\" data-elementor-lightbox-slideshow=\"393a1e2\" data-elementor-lightbox-title=\"vlcsnap-2026-02-02-12h11m50s960\" data-e-action-hash=\"#elementor-action%3Aaction%3Dlightbox%26settings%3DeyJpZCI6MjI0MzQsInVybCI6Imh0dHBzOlwvXC9hZGF0cnVzdGxpZmUuY29tXC93cC1jb250ZW50XC91cGxvYWRzXC8yMDI2XC8wMlwvdmxjc25hcC0yMDI2LTAyLTAyLTEyaDExbTUwczk2MC1zY2FsZWQucG5nIiwic2xpZGVzaG93IjoiMzkzYTFlMiJ9\">\n\t\t\t\t\t<div class=\"e-gallery-image elementor-gallery-item__image\" data-thumbnail=\"https:\/\/adatrustlife.com\/wp-content\/uploads\/2026\/02\/vlcsnap-2026-02-02-12h11m50s960-scaled.png\" data-width=\"300\" data-height=\"169\" aria-label=\"\" role=\"img\" ><\/div>\n\t\t\t\t\t\t\t\t\t\t\t<div class=\"elementor-gallery-item__overlay\"><\/div>\n\t\t\t\t\t\t\t\t\t\t\t\t\t\t<\/a>\n\t\t\t\t\t\t\t<a class=\"e-gallery-item elementor-gallery-item elementor-animated-content\" href=\"https:\/\/adatrustlife.com\/wp-content\/uploads\/2026\/02\/vlcsnap-2026-02-02-12h12m23s497-scaled.png\" data-elementor-open-lightbox=\"yes\" data-elementor-lightbox-slideshow=\"393a1e2\" data-elementor-lightbox-title=\"vlcsnap-2026-02-02-12h12m23s497\" data-e-action-hash=\"#elementor-action%3Aaction%3Dlightbox%26settings%3DeyJpZCI6MjI0MzUsInVybCI6Imh0dHBzOlwvXC9hZGF0cnVzdGxpZmUuY29tXC93cC1jb250ZW50XC91cGxvYWRzXC8yMDI2XC8wMlwvdmxjc25hcC0yMDI2LTAyLTAyLTEyaDEybTIzczQ5Ny1zY2FsZWQucG5nIiwic2xpZGVzaG93IjoiMzkzYTFlMiJ9\">\n\t\t\t\t\t<div class=\"e-gallery-image elementor-gallery-item__image\" data-thumbnail=\"https:\/\/adatrustlife.com\/wp-content\/uploads\/2026\/02\/vlcsnap-2026-02-02-12h12m23s497-scaled.png\" data-width=\"300\" data-height=\"169\" aria-label=\"\" role=\"img\" ><\/div>\n\t\t\t\t\t\t\t\t\t\t\t<div class=\"elementor-gallery-item__overlay\"><\/div>\n\t\t\t\t\t\t\t\t\t\t\t\t\t\t<\/a>\n\t\t\t\t\t<\/div>\n\t\t\t\t\t<\/div>\n\t\t\t\t\t<\/div>\n\t\t\t\t<\/div>\n\t\t<div class=\"elementor-element elementor-element-146705c e-flex e-con-boxed e-con e-parent\" data-id=\"146705c\" data-element_type=\"container\" data-settings=\"{&quot;ekit_has_onepagescroll_dot&quot;:&quot;yes&quot;}\">\n\t\t\t\t\t<div class=\"e-con-inner\">\n\t\t<div class=\"elementor-element elementor-element-d0e24ea e-con-full e-flex elementor-invisible e-con e-child\" data-id=\"d0e24ea\" data-element_type=\"container\" data-settings=\"{&quot;animation&quot;:&quot;fadeInUp&quot;,&quot;ekit_has_onepagescroll_dot&quot;:&quot;yes&quot;}\">\n\t\t\t\t<div class=\"elementor-element elementor-element-ae335f4 elementor-widget elementor-widget-elementskit-heading\" data-id=\"ae335f4\" data-element_type=\"widget\" data-settings=\"{&quot;ekit_we_effect_on&quot;:&quot;none&quot;}\" data-widget_type=\"elementskit-heading.default\">\n\t\t\t\t\t<div class=\"ekit-wid-con\" ><div class=\"ekit-heading elementskit-section-title-wraper text_center   ekit_heading_tablet-   ekit_heading_mobile-\"><h2 class=\"ekit-heading--title elementskit-section-title\"><span><span>2026<\/span><\/span> AUGUST DELIVERY<\/h2><div class=\"ekit_heading_separetor_wraper ekit_heading_elementskit-border-star elementskit-bullet\"><div class=\"elementskit-border-star elementskit-bullet\"><\/div><\/div><\/div><\/div>\t\t\t\t<\/div>\n\t\t\t\t<\/div>\n\t\t\t\t<div class=\"elementor-element elementor-element-711a81b elementor-widget elementor-widget-gallery\" data-id=\"711a81b\" data-element_type=\"widget\" data-settings=\"{&quot;gallery_layout&quot;:&quot;grid&quot;,&quot;columns&quot;:4,&quot;columns_tablet&quot;:2,&quot;columns_mobile&quot;:1,&quot;gap&quot;:{&quot;unit&quot;:&quot;px&quot;,&quot;size&quot;:10,&quot;sizes&quot;:[]},&quot;gap_tablet&quot;:{&quot;unit&quot;:&quot;px&quot;,&quot;size&quot;:10,&quot;sizes&quot;:[]},&quot;gap_mobile&quot;:{&quot;unit&quot;:&quot;px&quot;,&quot;size&quot;:10,&quot;sizes&quot;:[]},&quot;link_to&quot;:&quot;file&quot;,&quot;aspect_ratio&quot;:&quot;3:2&quot;,&quot;overlay_background&quot;:&quot;yes&quot;,&quot;content_hover_animation&quot;:&quot;fade-in&quot;,&quot;ekit_we_effect_on&quot;:&quot;none&quot;}\" data-widget_type=\"gallery.default\">\n\t\t\t\t\t\t\t<div class=\"elementor-gallery__container\">\n\t\t\t\t\t\t\t<a class=\"e-gallery-item elementor-gallery-item elementor-animated-content\" href=\"https:\/\/adatrustlife.com\/wp-content\/uploads\/2026\/02\/DJI_20260107161849_0003_V.JPG-scaled.jpeg\" data-elementor-open-lightbox=\"yes\" data-elementor-lightbox-slideshow=\"711a81b\" data-elementor-lightbox-title=\"default\" data-e-action-hash=\"#elementor-action%3Aaction%3Dlightbox%26settings%3DeyJpZCI6MjI0MzYsInVybCI6Imh0dHBzOlwvXC9hZGF0cnVzdGxpZmUuY29tXC93cC1jb250ZW50XC91cGxvYWRzXC8yMDI2XC8wMlwvREpJXzIwMjYwMTA3MTYxODQ5XzAwMDNfVi5KUEctc2NhbGVkLmpwZWciLCJzbGlkZXNob3ciOiI3MTFhODFiIn0%3D\">\n\t\t\t\t\t<div class=\"e-gallery-image elementor-gallery-item__image\" data-thumbnail=\"https:\/\/adatrustlife.com\/wp-content\/uploads\/2026\/02\/DJI_20260107161849_0003_V.JPG-scaled.jpeg\" data-width=\"300\" data-height=\"225\" aria-label=\"\" role=\"img\" ><\/div>\n\t\t\t\t\t\t\t\t\t\t\t<div class=\"elementor-gallery-item__overlay\"><\/div>\n\t\t\t\t\t\t\t\t\t\t\t\t\t\t<\/a>\n\t\t\t\t\t\t\t<a class=\"e-gallery-item elementor-gallery-item elementor-animated-content\" href=\"https:\/\/adatrustlife.com\/wp-content\/uploads\/2026\/02\/DJI_20260107161905_0004_V.JPG-scaled.jpeg\" data-elementor-open-lightbox=\"yes\" data-elementor-lightbox-slideshow=\"711a81b\" data-elementor-lightbox-title=\"default\" data-e-action-hash=\"#elementor-action%3Aaction%3Dlightbox%26settings%3DeyJpZCI6MjI0MzcsInVybCI6Imh0dHBzOlwvXC9hZGF0cnVzdGxpZmUuY29tXC93cC1jb250ZW50XC91cGxvYWRzXC8yMDI2XC8wMlwvREpJXzIwMjYwMTA3MTYxOTA1XzAwMDRfVi5KUEctc2NhbGVkLmpwZWciLCJzbGlkZXNob3ciOiI3MTFhODFiIn0%3D\">\n\t\t\t\t\t<div class=\"e-gallery-image elementor-gallery-item__image\" data-thumbnail=\"https:\/\/adatrustlife.com\/wp-content\/uploads\/2026\/02\/DJI_20260107161905_0004_V.JPG-scaled.jpeg\" data-width=\"300\" data-height=\"225\" aria-label=\"\" role=\"img\" ><\/div>\n\t\t\t\t\t\t\t\t\t\t\t<div class=\"elementor-gallery-item__overlay\"><\/div>\n\t\t\t\t\t\t\t\t\t\t\t\t\t\t<\/a>\n\t\t\t\t\t\t\t<a class=\"e-gallery-item elementor-gallery-item elementor-animated-content\" href=\"https:\/\/adatrustlife.com\/wp-content\/uploads\/2026\/02\/vlcsnap-2026-02-02-12h24m43s935-scaled.png\" data-elementor-open-lightbox=\"yes\" data-elementor-lightbox-slideshow=\"711a81b\" data-elementor-lightbox-title=\"vlcsnap-2026-02-02-12h24m43s935\" data-e-action-hash=\"#elementor-action%3Aaction%3Dlightbox%26settings%3DeyJpZCI6MjI0MzgsInVybCI6Imh0dHBzOlwvXC9hZGF0cnVzdGxpZmUuY29tXC93cC1jb250ZW50XC91cGxvYWRzXC8yMDI2XC8wMlwvdmxjc25hcC0yMDI2LTAyLTAyLTEyaDI0bTQzczkzNS1zY2FsZWQucG5nIiwic2xpZGVzaG93IjoiNzExYTgxYiJ9\">\n\t\t\t\t\t<div class=\"e-gallery-image elementor-gallery-item__image\" data-thumbnail=\"https:\/\/adatrustlife.com\/wp-content\/uploads\/2026\/02\/vlcsnap-2026-02-02-12h24m43s935-scaled.png\" data-width=\"300\" data-height=\"169\" aria-label=\"\" role=\"img\" ><\/div>\n\t\t\t\t\t\t\t\t\t\t\t<div class=\"elementor-gallery-item__overlay\"><\/div>\n\t\t\t\t\t\t\t\t\t\t\t\t\t\t<\/a>\n\t\t\t\t\t\t\t<a class=\"e-gallery-item elementor-gallery-item elementor-animated-content\" href=\"https:\/\/adatrustlife.com\/wp-content\/uploads\/2026\/02\/vlcsnap-2026-02-02-12h25m54s628-scaled.png\" data-elementor-open-lightbox=\"yes\" data-elementor-lightbox-slideshow=\"711a81b\" data-elementor-lightbox-title=\"vlcsnap-2026-02-02-12h25m54s628\" data-e-action-hash=\"#elementor-action%3Aaction%3Dlightbox%26settings%3DeyJpZCI6MjI0MzksInVybCI6Imh0dHBzOlwvXC9hZGF0cnVzdGxpZmUuY29tXC93cC1jb250ZW50XC91cGxvYWRzXC8yMDI2XC8wMlwvdmxjc25hcC0yMDI2LTAyLTAyLTEyaDI1bTU0czYyOC1zY2FsZWQucG5nIiwic2xpZGVzaG93IjoiNzExYTgxYiJ9\">\n\t\t\t\t\t<div class=\"e-gallery-image elementor-gallery-item__image\" data-thumbnail=\"https:\/\/adatrustlife.com\/wp-content\/uploads\/2026\/02\/vlcsnap-2026-02-02-12h25m54s628-scaled.png\" data-width=\"300\" data-height=\"169\" aria-label=\"\" role=\"img\" ><\/div>\n\t\t\t\t\t\t\t\t\t\t\t<div class=\"elementor-gallery-item__overlay\"><\/div>\n\t\t\t\t\t\t\t\t\t\t\t\t\t\t<\/a>\n\t\t\t\t\t<\/div>\n\t\t\t\t\t<\/div>\n\t\t\t\t\t<\/div>\n\t\t\t\t<\/div>\n\t\t\t\t<\/div>\n\t\t\n    <div class=\"xs_social_share_widget xs_share_url after_content \t\tmain_content  wslu-style-1 wslu-share-box-shaped wslu-fill-colored wslu-none wslu-share-horizontal wslu-theme-font-no wslu-main_content\">\n\n\t\t\n        <ul>\n\t\t\t        <\/ul>\n    <\/div>","protected":false},"excerpt":{"rendered":"<p>2025 \u0130N\u015eAAT S\u00dcREC\u0130M\u0130Z 2026 A\u011eUSTOS TESL\u0130M<\/p>","protected":false},"author":1,"featured_media":0,"parent":0,"menu_order":0,"comment_status":"closed","ping_status":"closed","template":"elementor_header_footer","meta":{"postBodyCss":"","postBodyMargin":[],"postBodyPadding":[],"postBodyBackground":{"backgroundType":"classic","gradient":""},"footnotes":""},"class_list":["post-22346","page","type-page","status-publish","hentry"],"_links":{"self":[{"href":"https:\/\/adatrustlife.com\/en\/wp-json\/wp\/v2\/pages\/22346","targetHints":{"allow":["GET"]}}],"collection":[{"href":"https:\/\/adatrustlife.com\/en\/wp-json\/wp\/v2\/pages"}],"about":[{"href":"https:\/\/adatrustlife.com\/en\/wp-json\/wp\/v2\/types\/page"}],"author":[{"embeddable":true,"href":"https:\/\/adatrustlife.com\/en\/wp-json\/wp\/v2\/users\/1"}],"replies":[{"embeddable":true,"href":"https:\/\/adatrustlife.com\/en\/wp-json\/wp\/v2\/comments?post=22346"}],"version-history":[{"count":19,"href":"https:\/\/adatrustlife.com\/en\/wp-json\/wp\/v2\/pages\/22346\/revisions"}],"predecessor-version":[{"id":22453,"href":"https:\/\/adatrustlife.com\/en\/wp-json\/wp\/v2\/pages\/22346\/revisions\/22453"}],"wp:attachment":[{"href":"https:\/\/adatrustlife.com\/en\/wp-json\/wp\/v2\/media?parent=22346"}],"curies":[{"name":"wp","href":"https:\/\/api.w.org\/{rel}","templated":true}]}}