{"id":22264,"date":"2026-01-30T08:57:05","date_gmt":"2026-01-30T08:57:05","guid":{"rendered":"https:\/\/adatrustlife.com\/?page_id=22264"},"modified":"2026-01-30T08:59:18","modified_gmt":"2026-01-30T08:59:18","slug":"ada-trust-life-3","status":"publish","type":"page","link":"https:\/\/adatrustlife.com\/en\/ada-trust-life-3\/","title":{"rendered":"Ada Trust Life 3"},"content":{"rendered":"<div data-elementor-type=\"wp-page\" data-elementor-id=\"22264\" class=\"elementor elementor-22264\" data-elementor-post-type=\"page\">\n\t\t\t\t<div class=\"elementor-element elementor-element-d70cda7 e-flex e-con-boxed e-con e-parent\" data-id=\"d70cda7\" data-element_type=\"container\" data-settings=\"{&quot;background_background&quot;:&quot;classic&quot;,&quot;ekit_has_onepagescroll_dot&quot;:&quot;yes&quot;}\">\n\t\t\t\t\t<div class=\"e-con-inner\">\n\t\t<div class=\"elementor-element elementor-element-5a0c040 e-con-full e-flex e-con e-child\" data-id=\"5a0c040\" data-element_type=\"container\" data-settings=\"{&quot;ekit_has_onepagescroll_dot&quot;:&quot;yes&quot;}\">\n\t\t<div class=\"elementor-element elementor-element-3acea16 e-grid e-con-full e-con e-child\" data-id=\"3acea16\" data-element_type=\"container\" data-settings=\"{&quot;ekit_has_onepagescroll_dot&quot;:&quot;yes&quot;}\">\n\t\t<div class=\"elementor-element elementor-element-95b0336 e-con-full e-flex e-con e-child\" data-id=\"95b0336\" data-element_type=\"container\" data-settings=\"{&quot;ekit_has_onepagescroll_dot&quot;:&quot;yes&quot;}\">\n\t\t\t\t<div class=\"elementor-element elementor-element-7d34563 animated-fast elementor-invisible elementor-widget elementor-widget-heading\" data-id=\"7d34563\" data-element_type=\"widget\" data-settings=\"{&quot;_animation&quot;:&quot;fadeInUp&quot;,&quot;_animation_delay&quot;:200,&quot;ekit_we_effect_on&quot;:&quot;none&quot;}\" data-widget_type=\"heading.default\">\n\t\t\t\t\t<h2 class=\"elementor-heading-title elementor-size-default\">Ada Trust Life 3<\/h2>\t\t\t\t<\/div>\n\t\t\t\t<div class=\"elementor-element elementor-element-9bd8b49 animated-fast elementor-widget__width-initial elementor-invisible elementor-widget elementor-widget-text-editor\" data-id=\"9bd8b49\" data-element_type=\"widget\" data-settings=\"{&quot;_animation&quot;:&quot;fadeInUp&quot;,&quot;_animation_delay&quot;:200,&quot;ekit_we_effect_on&quot;:&quot;none&quot;}\" data-widget_type=\"text-editor.default\">\n\t\t\t\t\t\t\t\t\t<p data-start=\"284\" data-end=\"574\"><strong data-start=\"284\" data-end=\"304\">Ada Trust Life 3<\/strong>, It offers a balanced and functional planning approach designed to meet the needs of modern life. In the interior organization, a fluid and orderly transition is ensured between living areas and private spaces, prioritizing comfort in daily use.<\/p><p data-start=\"576\" data-end=\"828\">Thanks to its functional layout, spaces are utilized efficiently while maintaining a feeling of spaciousness and brightness in the interior. Spatial proportions have been planned with user habits in mind, aiming for a simple and harmonious living arrangement.<\/p><p data-start=\"830\" data-end=\"955\">Ada Trust Life 3 is designed to offer a calm and orderly living atmosphere with its architectural integrity and balanced layout.<\/p>\t\t\t\t\t\t\t\t<\/div>\n\t\t\t\t<\/div>\n\t\t<div class=\"elementor-element elementor-element-ad46e72 e-con-full e-flex e-con e-child\" data-id=\"ad46e72\" data-element_type=\"container\" data-settings=\"{&quot;ekit_has_onepagescroll_dot&quot;:&quot;yes&quot;}\">\n\t\t\t\t<div class=\"elementor-element elementor-element-2123025 elementor-widget elementor-widget-image\" data-id=\"2123025\" data-element_type=\"widget\" data-settings=\"{&quot;ekit_we_effect_on&quot;:&quot;none&quot;}\" data-widget_type=\"image.default\">\n\t\t\t\t\t\t\t\t\t\t\t\t\t\t\t<img fetchpriority=\"high\" decoding=\"async\" width=\"1920\" height=\"1080\" src=\"https:\/\/adatrustlife.com\/wp-content\/uploads\/2026\/01\/ADA-TRUST-3-R2.jpg\" class=\"attachment-full size-full wp-image-22017\" alt=\"\" srcset=\"https:\/\/adatrustlife.com\/wp-content\/uploads\/2026\/01\/ADA-TRUST-3-R2.jpg 1920w, https:\/\/adatrustlife.com\/wp-content\/uploads\/2026\/01\/ADA-TRUST-3-R2-1536x864.jpg 1536w\" sizes=\"(max-width: 1920px) 100vw, 1920px\" \/>\t\t\t\t\t\t\t\t\t\t\t\t\t\t\t<\/div>\n\t\t\t\t<\/div>\n\t\t\t\t<\/div>\n\t\t\t\t<\/div>\n\t\t\t\t\t<\/div>\n\t\t\t\t<\/div>\n\t\t<div class=\"elementor-element elementor-element-8bbbcf0 e-flex e-con-boxed e-con e-parent\" data-id=\"8bbbcf0\" data-element_type=\"container\" data-settings=\"{&quot;ekit_has_onepagescroll_dot&quot;:&quot;yes&quot;}\">\n\t\t\t\t\t<div class=\"e-con-inner\">\n\t\t\t\t<div class=\"elementor-element elementor-element-31b8ea6 elementor-widget elementor-widget-image-gallery\" data-id=\"31b8ea6\" data-element_type=\"widget\" data-settings=\"{&quot;ekit_we_effect_on&quot;:&quot;none&quot;}\" data-widget_type=\"image-gallery.default\">\n\t\t\t\t\t\t\t<div class=\"elementor-image-gallery\">\n\t\t\t<div id='gallery-1' class='gallery galleryid-22264 gallery-columns-1 gallery-size-full'><figure class='gallery-item'>\n\t\t\t<div class='gallery-icon landscape'>\n\t\t\t\t<a data-elementor-open-lightbox=\"yes\" data-elementor-lightbox-slideshow=\"31b8ea6\" data-elementor-lightbox-title=\"life-3-kat-plani\" data-e-action-hash=\"#elementor-action%3Aaction%3Dlightbox%26settings%3DeyJpZCI6MjIwMDgsInVybCI6Imh0dHBzOlwvXC9hZGF0cnVzdGxpZmUuY29tXC93cC1jb250ZW50XC91cGxvYWRzXC8yMDI2XC8wMVwvbGlmZS0zLWthdC1wbGFuaS5wbmciLCJzbGlkZXNob3ciOiIzMWI4ZWE2In0%3D\" href='https:\/\/adatrustlife.com\/wp-content\/uploads\/2026\/01\/life-3-kat-plani.png'><img decoding=\"async\" width=\"1976\" height=\"1476\" src=\"https:\/\/adatrustlife.com\/wp-content\/uploads\/2026\/01\/life-3-kat-plani.png\" class=\"attachment-full size-full\" alt=\"\" srcset=\"https:\/\/adatrustlife.com\/wp-content\/uploads\/2026\/01\/life-3-kat-plani.png 1976w, https:\/\/adatrustlife.com\/wp-content\/uploads\/2026\/01\/life-3-kat-plani-1536x1147.png 1536w\" sizes=\"(max-width: 1976px) 100vw, 1976px\" \/><\/a>\n\t\t\t<\/div><\/figure>\n\t\t<\/div>\n\t\t<\/div>\n\t\t\t\t\t\t<\/div>\n\t\t\t\t\t<\/div>\n\t\t\t\t<\/div>\n\t\t\t\t<\/div>\n\t\t\n    <div class=\"xs_social_share_widget xs_share_url after_content \t\tmain_content  wslu-style-1 wslu-share-box-shaped wslu-fill-colored wslu-none wslu-share-horizontal wslu-theme-font-no wslu-main_content\">\n\n\t\t\n        <ul>\n\t\t\t        <\/ul>\n    <\/div>","protected":false},"excerpt":{"rendered":"<p>Ada Trust Life 3 Ada Trust Life 3, modern ya\u015fam\u0131n ihtiya\u00e7lar\u0131n\u0131 kar\u015f\u0131layacak \u015fekilde kurgulanm\u0131\u015f, dengeli ve kullan\u0131\u015fl\u0131 bir planlama anlay\u0131\u015f\u0131 sunar. \u0130\u00e7 mek\u00e2n organizasyonunda, ya\u015fam alanlar\u0131 ile \u00f6zel alanlar aras\u0131nda ak\u0131c\u0131 ve d\u00fczenli bir ge\u00e7i\u015f sa\u011flanarak, g\u00fcnl\u00fck kullan\u0131mda konfor \u00f6n planda tutulmu\u015ftur. Fonksiyonel plan yap\u0131s\u0131 sayesinde alanlar verimli bi\u00e7imde de\u011ferlendirilirken, ferah ve ayd\u0131nl\u0131k bir i\u00e7 [&hellip;]<\/p>","protected":false},"author":1,"featured_media":0,"parent":0,"menu_order":0,"comment_status":"closed","ping_status":"closed","template":"elementor_header_footer","meta":{"postBodyCss":"","postBodyMargin":[],"postBodyPadding":[],"postBodyBackground":{"backgroundType":"classic","gradient":""},"footnotes":""},"class_list":["post-22264","page","type-page","status-publish","hentry"],"_links":{"self":[{"href":"https:\/\/adatrustlife.com\/en\/wp-json\/wp\/v2\/pages\/22264","targetHints":{"allow":["GET"]}}],"collection":[{"href":"https:\/\/adatrustlife.com\/en\/wp-json\/wp\/v2\/pages"}],"about":[{"href":"https:\/\/adatrustlife.com\/en\/wp-json\/wp\/v2\/types\/page"}],"author":[{"embeddable":true,"href":"https:\/\/adatrustlife.com\/en\/wp-json\/wp\/v2\/users\/1"}],"replies":[{"embeddable":true,"href":"https:\/\/adatrustlife.com\/en\/wp-json\/wp\/v2\/comments?post=22264"}],"version-history":[{"count":4,"href":"https:\/\/adatrustlife.com\/en\/wp-json\/wp\/v2\/pages\/22264\/revisions"}],"predecessor-version":[{"id":22269,"href":"https:\/\/adatrustlife.com\/en\/wp-json\/wp\/v2\/pages\/22264\/revisions\/22269"}],"wp:attachment":[{"href":"https:\/\/adatrustlife.com\/en\/wp-json\/wp\/v2\/media?parent=22264"}],"curies":[{"name":"wp","href":"https:\/\/api.w.org\/{rel}","templated":true}]}}