{"id":22257,"date":"2026-01-30T08:44:58","date_gmt":"2026-01-30T08:44:58","guid":{"rendered":"https:\/\/adatrustlife.com\/?page_id=22257"},"modified":"2026-01-30T08:55:15","modified_gmt":"2026-01-30T08:55:15","slug":"ada-trust-life-1","status":"publish","type":"page","link":"https:\/\/adatrustlife.com\/en\/ada-trust-life-1\/","title":{"rendered":"Ada Trust Life 1"},"content":{"rendered":"<div data-elementor-type=\"wp-page\" data-elementor-id=\"22257\" class=\"elementor elementor-22257\" data-elementor-post-type=\"page\">\n\t\t\t\t<div class=\"elementor-element elementor-element-5172300 e-flex e-con-boxed e-con e-parent\" data-id=\"5172300\" data-element_type=\"container\" data-settings=\"{&quot;background_background&quot;:&quot;classic&quot;,&quot;ekit_has_onepagescroll_dot&quot;:&quot;yes&quot;}\">\n\t\t\t\t\t<div class=\"e-con-inner\">\n\t\t<div class=\"elementor-element elementor-element-e8aadeb e-con-full e-flex e-con e-child\" data-id=\"e8aadeb\" data-element_type=\"container\" data-settings=\"{&quot;ekit_has_onepagescroll_dot&quot;:&quot;yes&quot;}\">\n\t\t<div class=\"elementor-element elementor-element-db8ad77 e-grid e-con-full e-con e-child\" data-id=\"db8ad77\" data-element_type=\"container\" data-settings=\"{&quot;ekit_has_onepagescroll_dot&quot;:&quot;yes&quot;}\">\n\t\t<div class=\"elementor-element elementor-element-44d6efa e-con-full e-flex e-con e-child\" data-id=\"44d6efa\" data-element_type=\"container\" data-settings=\"{&quot;ekit_has_onepagescroll_dot&quot;:&quot;yes&quot;}\">\n\t\t\t\t<div class=\"elementor-element elementor-element-1e16139 animated-fast elementor-invisible elementor-widget elementor-widget-heading\" data-id=\"1e16139\" data-element_type=\"widget\" data-settings=\"{&quot;_animation&quot;:&quot;fadeInUp&quot;,&quot;_animation_delay&quot;:200,&quot;ekit_we_effect_on&quot;:&quot;none&quot;}\" data-widget_type=\"heading.default\">\n\t\t\t\t\t<h2 class=\"elementor-heading-title elementor-size-default\">Ada Trust Life 1<\/h2>\t\t\t\t<\/div>\n\t\t\t\t<div class=\"elementor-element elementor-element-772ed23 animated-fast elementor-widget__width-initial elementor-invisible elementor-widget elementor-widget-text-editor\" data-id=\"772ed23\" data-element_type=\"widget\" data-settings=\"{&quot;_animation&quot;:&quot;fadeInUp&quot;,&quot;_animation_delay&quot;:200,&quot;ekit_we_effect_on&quot;:&quot;none&quot;}\" data-widget_type=\"text-editor.default\">\n\t\t\t\t\t\t\t\t\t<p data-start=\"302\" data-end=\"564\"><strong data-start=\"302\" data-end=\"322\">Ada Trust Life 1<\/strong>, It has been designed with a balanced and spacious planning approach that centers on the needs of daily life. In the interior layout, a clear separation has been created between living areas and private areas, aiming for comfortable and organized use.<\/p><p data-start=\"566\" data-end=\"796\">Thanks to its functional layout, spaces are utilized efficiently while prioritizing a feeling of spaciousness. Interiors, enhanced by natural light, offer a simple and functional design that meets the expectations of modern living.<\/p><p data-start=\"798\" data-end=\"958\">At Ada Trust Life 1, architectural details and spatial proportions have been considered as a whole, creating a peaceful and balanced living space that is harmonious with daily life.<\/p>\t\t\t\t\t\t\t\t<\/div>\n\t\t\t\t<\/div>\n\t\t<div class=\"elementor-element elementor-element-69db4ff e-con-full e-flex e-con e-child\" data-id=\"69db4ff\" data-element_type=\"container\" data-settings=\"{&quot;ekit_has_onepagescroll_dot&quot;:&quot;yes&quot;}\">\n\t\t\t\t<div class=\"elementor-element elementor-element-9699a54 elementor-widget elementor-widget-image\" data-id=\"9699a54\" data-element_type=\"widget\" data-settings=\"{&quot;ekit_we_effect_on&quot;:&quot;none&quot;}\" data-widget_type=\"image.default\">\n\t\t\t\t\t\t\t\t\t\t\t\t\t\t\t<img fetchpriority=\"high\" decoding=\"async\" width=\"1600\" height=\"900\" src=\"https:\/\/adatrustlife.com\/wp-content\/uploads\/2026\/01\/1.jpg\" class=\"attachment-full size-full wp-image-22015\" alt=\"\" srcset=\"https:\/\/adatrustlife.com\/wp-content\/uploads\/2026\/01\/1.jpg 1600w, https:\/\/adatrustlife.com\/wp-content\/uploads\/2026\/01\/1-1536x864.jpg 1536w\" sizes=\"(max-width: 1600px) 100vw, 1600px\" \/>\t\t\t\t\t\t\t\t\t\t\t\t\t\t\t<\/div>\n\t\t\t\t<\/div>\n\t\t\t\t<\/div>\n\t\t\t\t<\/div>\n\t\t\t\t\t<\/div>\n\t\t\t\t<\/div>\n\t\t<div class=\"elementor-element elementor-element-4ef76e8 e-flex e-con-boxed e-con e-parent\" data-id=\"4ef76e8\" data-element_type=\"container\" data-settings=\"{&quot;ekit_has_onepagescroll_dot&quot;:&quot;yes&quot;}\">\n\t\t\t\t\t<div class=\"e-con-inner\">\n\t\t\t\t<div class=\"elementor-element elementor-element-bb86089 elementor-widget elementor-widget-image-gallery\" data-id=\"bb86089\" data-element_type=\"widget\" data-settings=\"{&quot;ekit_we_effect_on&quot;:&quot;none&quot;}\" data-widget_type=\"image-gallery.default\">\n\t\t\t\t\t\t\t<div class=\"elementor-image-gallery\">\n\t\t\t<div id='gallery-1' class='gallery galleryid-22257 gallery-columns-1 gallery-size-full'><figure class='gallery-item'>\n\t\t\t<div class='gallery-icon landscape'>\n\t\t\t\t<a data-elementor-open-lightbox=\"yes\" data-elementor-lightbox-slideshow=\"bb86089\" data-elementor-lightbox-title=\"life-1-kat-plani (1)\" data-e-action-hash=\"#elementor-action%3Aaction%3Dlightbox%26settings%3DeyJpZCI6MjIwMTAsInVybCI6Imh0dHBzOlwvXC9hZGF0cnVzdGxpZmUuY29tXC93cC1jb250ZW50XC91cGxvYWRzXC8yMDI2XC8wMVwvbGlmZS0xLWthdC1wbGFuaS0xLnBuZyIsInNsaWRlc2hvdyI6ImJiODYwODkifQ%3D%3D\" href='https:\/\/adatrustlife.com\/wp-content\/uploads\/2026\/01\/life-1-kat-plani-1.png'><img decoding=\"async\" width=\"1972\" height=\"1476\" src=\"https:\/\/adatrustlife.com\/wp-content\/uploads\/2026\/01\/life-1-kat-plani-1.png\" class=\"attachment-full size-full\" alt=\"\" srcset=\"https:\/\/adatrustlife.com\/wp-content\/uploads\/2026\/01\/life-1-kat-plani-1.png 1972w, https:\/\/adatrustlife.com\/wp-content\/uploads\/2026\/01\/life-1-kat-plani-1-1536x1150.png 1536w, https:\/\/adatrustlife.com\/wp-content\/uploads\/2026\/01\/life-1-kat-plani-1-584x438.png 584w\" sizes=\"(max-width: 1972px) 100vw, 1972px\" \/><\/a>\n\t\t\t<\/div><\/figure>\n\t\t<\/div>\n\t\t<\/div>\n\t\t\t\t\t\t<\/div>\n\t\t\t\t\t<\/div>\n\t\t\t\t<\/div>\n\t\t\t\t<\/div>\n\t\t\n    <div class=\"xs_social_share_widget xs_share_url after_content \t\tmain_content  wslu-style-1 wslu-share-box-shaped wslu-fill-colored wslu-none wslu-share-horizontal wslu-theme-font-no wslu-main_content\">\n\n\t\t\n        <ul>\n\t\t\t        <\/ul>\n    <\/div>","protected":false},"excerpt":{"rendered":"<p>Ada Trust Life 1 Ada Trust Life 1, g\u00fcnl\u00fck ya\u015fam\u0131n ihtiya\u00e7lar\u0131n\u0131 merkeze alan, dengeli ve ferah bir planlama anlay\u0131\u015f\u0131yla tasarlanm\u0131\u015ft\u0131r. \u0130\u00e7 mek\u00e2n kurgusunda, ya\u015fam alanlar\u0131 ile \u00f6zel alanlar aras\u0131nda net bir ayr\u0131m olu\u015fturularak, konforlu ve d\u00fczenli bir kullan\u0131m hedeflenmi\u015ftir. Fonksiyonel plan yap\u0131s\u0131 sayesinde, alanlar verimli \u015fekilde de\u011ferlendirilirken, ferahl\u0131k hissi \u00f6n planda tutulur. Do\u011fal \u0131\u015f\u0131kla desteklenen [&hellip;]<\/p>","protected":false},"author":1,"featured_media":0,"parent":0,"menu_order":0,"comment_status":"closed","ping_status":"closed","template":"elementor_header_footer","meta":{"postBodyCss":"","postBodyMargin":[],"postBodyPadding":[],"postBodyBackground":{"backgroundType":"classic","gradient":""},"footnotes":""},"class_list":["post-22257","page","type-page","status-publish","hentry"],"_links":{"self":[{"href":"https:\/\/adatrustlife.com\/en\/wp-json\/wp\/v2\/pages\/22257","targetHints":{"allow":["GET"]}}],"collection":[{"href":"https:\/\/adatrustlife.com\/en\/wp-json\/wp\/v2\/pages"}],"about":[{"href":"https:\/\/adatrustlife.com\/en\/wp-json\/wp\/v2\/types\/page"}],"author":[{"embeddable":true,"href":"https:\/\/adatrustlife.com\/en\/wp-json\/wp\/v2\/users\/1"}],"replies":[{"embeddable":true,"href":"https:\/\/adatrustlife.com\/en\/wp-json\/wp\/v2\/comments?post=22257"}],"version-history":[{"count":4,"href":"https:\/\/adatrustlife.com\/en\/wp-json\/wp\/v2\/pages\/22257\/revisions"}],"predecessor-version":[{"id":22262,"href":"https:\/\/adatrustlife.com\/en\/wp-json\/wp\/v2\/pages\/22257\/revisions\/22262"}],"wp:attachment":[{"href":"https:\/\/adatrustlife.com\/en\/wp-json\/wp\/v2\/media?parent=22257"}],"curies":[{"name":"wp","href":"https:\/\/api.w.org\/{rel}","templated":true}]}}