{"id":16941,"date":"2020-03-02T10:27:05","date_gmt":"2020-03-02T10:27:05","guid":{"rendered":"https:\/\/demo45.houzez.co\/?page_id=16941"},"modified":"2026-01-30T08:36:47","modified_gmt":"2026-01-30T08:36:47","slug":"iletisim","status":"publish","type":"page","link":"https:\/\/adatrustlife.com\/en\/iletisim\/","title":{"rendered":"Communication"},"content":{"rendered":"<div data-elementor-type=\"wp-page\" data-elementor-id=\"16941\" class=\"elementor elementor-16941\" data-elementor-post-type=\"page\">\n\t\t\t\t<div class=\"elementor-element elementor-element-b269050 e-grid e-con-boxed e-con e-parent\" data-id=\"b269050\" data-element_type=\"container\" data-settings=\"{&quot;background_background&quot;:&quot;classic&quot;,&quot;ekit_has_onepagescroll_dot&quot;:&quot;yes&quot;}\">\n\t\t\t\t\t<div class=\"e-con-inner\">\n\t\t<div class=\"elementor-element elementor-element-2719e49 e-con-full animated-slow e-flex elementor-invisible e-con e-child\" data-id=\"2719e49\" data-element_type=\"container\" data-settings=\"{&quot;animation&quot;:&quot;fadeIn&quot;,&quot;ekit_has_onepagescroll_dot&quot;:&quot;yes&quot;}\">\n\t\t\t\t<div class=\"elementor-element elementor-element-3607d4f elementor-widget elementor-widget-houzez_elementor_section_title\" data-id=\"3607d4f\" data-element_type=\"widget\" data-settings=\"{&quot;ekit_we_effect_on&quot;:&quot;none&quot;}\" data-widget_type=\"houzez_elementor_section_title.default\">\n\t\t\t\t<div class=\"elementor-widget-container\">\n\t\t\t\t\t            <div class=\"houzez_section_title_wrap section-title-module\">\n                                    <h2 class=\"houzez_section_title\">Get in touch<\/h2>\n                \n                                    <p class=\"houzez_section_subtitle\">For detailed information about Ada Trust Life, to learn about apartment options, and to discuss pricing and payment plans, please contact us.<br> Our team will get back to you as soon as possible.<\/p>\n                            <\/div>\n            \t\t\t\t<\/div>\n\t\t\t\t<\/div>\n\t\t\t\t<div class=\"elementor-element elementor-element-a540e43 elementor-widget elementor-widget-text-editor\" data-id=\"a540e43\" data-element_type=\"widget\" data-settings=\"{&quot;ekit_we_effect_on&quot;:&quot;none&quot;}\" data-widget_type=\"text-editor.default\">\n\t\t\t\t\t\t\t\t\t<ul class=\"elementor-icon-list-items\"><li class=\"elementor-icon-list-item\"><span class=\"elementor-icon-list-text\">\u00c7anakkale Neighborhood (next to City Mall) Gazima\u011fusa<\/span><\/li><li class=\"elementor-icon-list-item\"><a href=\"mailto:%20info@adatrustlife.com\"><span class=\"elementor-icon-list-text\">info@adatrustlife.com<\/span><\/a><\/li><li class=\"elementor-icon-list-item\"><a href=\"tel:+90%20533%20828%2081%2081\"><span class=\"elementor-icon-list-text\">(+90) 533 828 81 81<\/span><\/a><\/li><\/ul>\t\t\t\t\t\t\t\t<\/div>\n\t\t\t\t<\/div>\n\t\t<div class=\"elementor-element elementor-element-6fe0a2b e-con-full e-flex e-con e-child\" data-id=\"6fe0a2b\" data-element_type=\"container\" data-settings=\"{&quot;ekit_has_onepagescroll_dot&quot;:&quot;yes&quot;}\">\n\t\t\t\t<div class=\"elementor-element elementor-element-381c649 elementor-button-align-stretch elementor-widget elementor-widget-houzez_elementor_inquiry_form\" data-id=\"381c649\" data-element_type=\"widget\" data-settings=\"{&quot;ekit_we_effect_on&quot;:&quot;none&quot;}\" data-widget_type=\"houzez_elementor_inquiry_form.default\">\n\t\t\t\t<div class=\"elementor-widget-container\">\n\t\t\t\t\t\n        <script type=\"application\/javascript\">\n            jQuery(document).bind(\"ready\", function () {\n                houzezValidateElementor(\"#houzez-form-381c649\" );\n            });\n        <\/script>\n\n\n        <form class=\"elementor-form houzez-ele-form-js\" id=\"houzez-form-381c649\" method=\"post\" name=\"New Form\" action=\"https:\/\/adatrustlife.com\/wp-admin\/admin-ajax.php\">\n            <input type=\"hidden\" name=\"form_id\" value=\"381c649\"\/>\n            <input type=\"hidden\" name=\"action\" value=\"houzez_ele_inquiry_form\" \/>\n            <input type=\"hidden\" name=\"source_link\" value=\"https:\/\/adatrustlife.com\/en\/iletisim\/\" \/>\n            <input type=\"hidden\" name=\"lead_page_id\" value=\"16941\" \/>\n            <input type=\"hidden\" name=\"is_estimation\" value=\"yes\" \/>\n            <input type=\"hidden\" name=\"webhook\" value=\"false\" \/>\n            <input type=\"hidden\" name=\"webhook_url\" value=\"\" \/>\n            <input type=\"hidden\" name=\"redirect_to\" value=\"\" \/>\n            <input type=\"hidden\" name=\"email_subject\" value=\"\" \/>\n            <input type=\"hidden\" name=\"google_recaptcha\" value=\"false\" \/>\n\n            <div class=\"elementor-form-fields-wrapper elementor-labels-above\">\n\n                                    <div class=\"elementor-field-group elementor-column form-group elementor-field-group-ac32e68 elementor-col-50 elementor-md-100 elementor-field-required\">\n                    <label for=\"form-field-ac32e68\" class=\"form-label elementor-field-label elementor-screen-only\">First name<\/label><input type=\"text\" name=\"first_name\" id=\"form-field-ac32e68\" class=\"elementor-field form-control elementor-size-sm elementor-field-textual\" placeholder=\"Name\" title=\"* First name\" required=\"required\">                    <\/div>\n\n                                        <div class=\"elementor-field-group elementor-column form-group elementor-field-group-7304c05 elementor-col-50 elementor-md-100 elementor-field-required\">\n                    <label for=\"form-field-7304c05\" class=\"form-label elementor-field-label elementor-screen-only\">Last name<\/label><input type=\"text\" name=\"last_name\" id=\"form-field-7304c05\" class=\"elementor-field form-control elementor-size-sm elementor-field-textual\" placeholder=\"Surname\" title=\"* Last name\" required=\"required\">                    <\/div>\n\n                                        <div class=\"elementor-field-group elementor-column form-group elementor-field-group-7b74074 elementor-col-100 elementor-field-required\">\n                    <label for=\"form-field-7b74074\" class=\"form-label elementor-field-label elementor-screen-only\">Your Email<\/label><input type=\"email\" name=\"email\" id=\"form-field-7b74074\" class=\"elementor-field form-control elementor-size-sm elementor-field-textual\" placeholder=\"Email\" title=\"* Your Email\" required=\"required\">                    <\/div>\n\n                                        <div class=\"elementor-field-group elementor-column form-group elementor-field-group-03c6c7a elementor-col-100\">\n                    <label for=\"form-field-03c6c7a\" class=\"form-label elementor-field-label elementor-screen-only\">Phone Number<\/label><input type=\"text\" name=\"mobile\" id=\"form-field-03c6c7a\" class=\"elementor-field form-control elementor-size-sm elementor-field-textual\" placeholder=\"Telephone\" title=\"* Phone Number\">                    <\/div>\n\n                                        <div class=\"elementor-field-group elementor-column form-group elementor-field-group-1f0fc28 elementor-col-100\">\n                    <label for=\"form-field-1f0fc28\" class=\"form-label elementor-field-label elementor-screen-only\">Message<\/label><textarea class=\"elementor-field-textual elementor-field elementor-size-sm\" name=\"message\" id=\"form-field-1f0fc28\" rows=\"4\" placeholder=\"Enter your message.\"><\/textarea>                    <\/div>\n\n                    \n                    \n                    \n                    \n                    \n                    <div class=\"elementor-field-group elementor-column elementor-field-type-submit elementor-col-100\">\n                    <button type=\"submit\" class=\"houzez-submit-button houzez-contact-form-js elementor-button elementor-size-sm\">\n                        <i class=\"houzez-loader-js houzez-hidden spinner-border spinner-border-sm\"><\/i>\n                                                    Send                                            <\/button>\n                <\/div>\n            <\/div><!-- End wrapper-->\n            <br\/>\n            <div class=\"ele-form-messages\"><\/div>\n            <div class=\"error-container\"><\/div>\n\n        <\/form>\n\n    \t\t\t\t<\/div>\n\t\t\t\t<\/div>\n\t\t\t\t<\/div>\n\t\t\t\t\t<\/div>\n\t\t\t\t<\/div>\n\t\t<div class=\"elementor-element elementor-element-e169070 e-flex e-con-boxed e-con e-parent\" data-id=\"e169070\" data-element_type=\"container\" data-settings=\"{&quot;ekit_has_onepagescroll_dot&quot;:&quot;yes&quot;}\">\n\t\t\t\t\t<div class=\"e-con-inner\">\n\t\t\t\t<div class=\"elementor-element elementor-element-2c4e10b elementor-widget elementor-widget-google_maps\" data-id=\"2c4e10b\" data-element_type=\"widget\" data-settings=\"{&quot;ekit_we_effect_on&quot;:&quot;none&quot;}\" data-widget_type=\"google_maps.default\">\n\t\t\t\t\t\t\t<div class=\"elementor-custom-embed\">\n\t\t\t<iframe loading=\"lazy\"\n\t\t\t\t\tsrc=\"https:\/\/maps.google.com\/maps?q=4WH8%2B5HP%20Kalkan%20Sokak%20%28City%20Mall%20yan%C4%B1%2C%20Gazima%C4%9Fusa%209900&#038;t=m&#038;z=14&#038;output=embed&#038;iwloc=near\"\n\t\t\t\t\ttitle=\"4WH8+5HP Kalkan Street (Next to City Mall, Gazima\u011fusa 9900)\"\n\t\t\t\t\taria-label=\"4WH8+5HP Kalkan Street (Next to City Mall, Gazima\u011fusa 9900)\"\n\t\t\t><\/iframe>\n\t\t<\/div>\n\t\t\t\t\t\t<\/div>\n\t\t\t\t\t<\/div>\n\t\t\t\t<\/div>\n\t\t\t\t<\/div>\n\t\t\n    <div class=\"xs_social_share_widget xs_share_url after_content \t\tmain_content  wslu-style-1 wslu-share-box-shaped wslu-fill-colored wslu-none wslu-share-horizontal wslu-theme-font-no wslu-main_content\">\n\n\t\t\n        <ul>\n\t\t\t        <\/ul>\n    <\/div>","protected":false},"excerpt":{"rendered":"<p>\u0130leti\u015fime Ge\u00e7in Ada Trust Life hakk\u0131nda detayl\u0131 bilgi almak, daire se\u00e7eneklerini \u00f6\u011frenmek ve fiyat\/\u00f6deme plan\u0131 i\u00e7in bizimle ileti\u015fime ge\u00e7ebilirsiniz. Ekibimiz en k\u0131sa s\u00fcrede size d\u00f6n\u00fc\u015f sa\u011flayacakt\u0131r. \u00c7anakkale Mahallesi (City Mall yan\u0131) Gazima\u011fusa info@adatrustlife.com (+90) 533 828 81 81 First name Last name Your Email Phone Number Message G\u00f6nder<\/p>","protected":false},"author":1,"featured_media":0,"parent":0,"menu_order":0,"comment_status":"closed","ping_status":"closed","template":"template\/template-homepage.php","meta":{"postBodyCss":"","postBodyMargin":[],"postBodyPadding":[],"postBodyBackground":{"backgroundType":"classic","gradient":""},"footnotes":""},"class_list":["post-16941","page","type-page","status-publish","hentry"],"_links":{"self":[{"href":"https:\/\/adatrustlife.com\/en\/wp-json\/wp\/v2\/pages\/16941","targetHints":{"allow":["GET"]}}],"collection":[{"href":"https:\/\/adatrustlife.com\/en\/wp-json\/wp\/v2\/pages"}],"about":[{"href":"https:\/\/adatrustlife.com\/en\/wp-json\/wp\/v2\/types\/page"}],"author":[{"embeddable":true,"href":"https:\/\/adatrustlife.com\/en\/wp-json\/wp\/v2\/users\/1"}],"replies":[{"embeddable":true,"href":"https:\/\/adatrustlife.com\/en\/wp-json\/wp\/v2\/comments?post=16941"}],"version-history":[{"count":20,"href":"https:\/\/adatrustlife.com\/en\/wp-json\/wp\/v2\/pages\/16941\/revisions"}],"predecessor-version":[{"id":22515,"href":"https:\/\/adatrustlife.com\/en\/wp-json\/wp\/v2\/pages\/16941\/revisions\/22515"}],"wp:attachment":[{"href":"https:\/\/adatrustlife.com\/en\/wp-json\/wp\/v2\/media?parent=16941"}],"curies":[{"name":"wp","href":"https:\/\/api.w.org\/{rel}","templated":true}]}}